{"id":76,"date":"2026-03-11T06:22:08","date_gmt":"2026-03-11T06:22:08","guid":{"rendered":"https:\/\/www.internationalteasymposium.org\/?page_id=76"},"modified":"2026-04-06T18:15:56","modified_gmt":"2026-04-06T14:15:56","slug":"home","status":"publish","type":"page","link":"https:\/\/www.internationalteasymposium.org\/","title":{"rendered":"Home"},"content":{"rendered":"\t\t<div data-elementor-type=\"wp-page\" data-elementor-id=\"76\" class=\"elementor elementor-76\">\n\t\t\t\t<div class=\"elementor-element elementor-element-f6fe20f e-flex e-con-boxed e-con e-parent\" data-id=\"f6fe20f\" data-element_type=\"container\" data-e-type=\"container\">\n\t\t\t\t\t<div class=\"e-con-inner\">\n\t\t\t\t<div class=\"elementor-element elementor-element-cc511bd elementor-widget elementor-widget-html\" data-id=\"cc511bd\" data-element_type=\"widget\" data-e-type=\"widget\" data-widget_type=\"html.default\">\n\t\t\t\t\t<style>\n  \/* --- VARIABLES ET R\u00c9INITIALISATION --- *\/\n  #its-signature-widget {\n    --its-black: #000000;\n    --its-white: #FFFFFF;\n    --its-font-main: 'Lato', 'Montserrat', 'Helvetica', sans-serif;\n    \n    font-family: var(--its-font-main);\n    background-color: var(--its-white);\n    color: var(--its-black);\n    max-width: 1300px;\n    margin: 40px auto;\n    padding: 20px;\n    box-sizing: border-box;\n    line-height: 1.3;\n  }\n\n  #its-signature-widget * {\n    box-sizing: border-box;\n  }\n\n  \/* --- PARTIE HAUTE : PATRONAGE --- *\/\n  .its-patronage-row {\n    display: flex;\n    justify-content: center;\n    gap: 120px;\n    text-align: center;\n    margin-bottom: 50px;\n  }\n\n  .its-patronage-text {\n    font-size: 1.1rem;\n    font-weight: 400;\n    flex: 1; \/* Permet aux textes de bien se partager l'espace *\/\n  }\n\n  \/* --- PARTIE BASSE : GRILLE PRINCIPALE --- *\/\n  .its-main-row {\n    display: flex;\n    align-items: center;\n    justify-content: space-between;\n    gap: 30px;\n    flex-wrap: nowrap;\n    width: 100%;\n  }\n\n  \/* GROUPE GAUCHE : Uniquement le Logo principal (grand format) *\/\n  .its-left-group {\n    display: flex;\n    align-items: center;\n    justify-content: center;\n    flex: 0 0 auto;\n    \/* Largeur ajust\u00e9e pour que le logo soit grand et lisible, comme sur l'image *\/\n    width: 260px;\n  }\n  \n  .its-left-group img {\n    width: 100%;\n    height: auto;\n  }\n\n  \/* GROUPE CENTRE : Date *\/\n  .its-col-date {\n    font-size: 2.2rem;\n    font-weight: 700;\n    flex: 1 1 auto;\n    text-align: center;\n    padding: 0 20px;\n    white-space: nowrap;\n  }\n\n  \/* GROUPE DROITE : Logos Institutionnels *\/\n  .its-right-group {\n    display: flex;\n    align-items: center;\n    gap: 25px;\n    flex: 0 0 auto;\n  }\n  \n  .its-logo-unesco-bleu img {\n    height: 75px;\n    width: auto;\n  }\n  \n  .its-logo-unesco-patrimoine img {\n    height: 90px;\n    width: auto;\n  }\n  \n  .its-logo-stjo img {\n    height: 85px;\n    width: auto;\n  }\n\n  \/* --- ADAPTATION RESPONSIVE (Mobiles et Tablettes) --- *\/\n  @media (max-width: 1100px) {\n    .its-main-row {\n      flex-wrap: wrap;\n      justify-content: center;\n      gap: 40px;\n    }\n    .its-col-date {\n      width: 100%;\n      order: -1; \/* Remonte la date en haut sur petits \u00e9crans *\/\n      margin-bottom: 10px;\n    }\n    .its-patronage-row {\n      gap: 40px;\n    }\n  }\n\n  @media (max-width: 768px) {\n    .its-patronage-row {\n      flex-direction: row; \/* On force l'affichage c\u00f4te \u00e0 c\u00f4te *\/\n      gap: 15px; \/* On r\u00e9duit l'espacement central *\/\n    }\n    .its-patronage-text {\n      font-size: 0.8rem; \/* On r\u00e9duit la police pour que tout tienne *\/\n    }\n\n    .its-left-group {\n      width: 200px; \/* Logo un peu plus petit sur mobile mais reste grand *\/\n      margin: 0 auto; \/* Centrage *\/\n    }\n    \n    .its-right-group {\n      flex-direction: column;\n      gap: 30px;\n      text-align: center;\n    }\n    .its-col-date {\n      font-size: 1.8rem;\n    }\n  }\n<\/style>\n\n<div id=\"its-signature-widget\">\n  \n  <div class=\"its-patronage-row\">\n    <div class=\"its-patronage-text\">\n      Sous le haut patronage de<br>\n      Monsieur Emmanuel MACRON<br>\n      Pr\u00e9sident de la R\u00e9publique fran\u00e7aise\n    <\/div>\n    <div class=\"its-patronage-text\">\n      Under the High Patronage of<br>\n      Mr Emmanuel MACRON<br>\n      President of the French Republic\n    <\/div>\n  <\/div>\n\n  <div class=\"its-main-row\">\n    \n    <div class=\"its-left-group\">\n      <img decoding=\"async\" src=\"http:\/\/www.internationalteasymposium.org\/wp-content\/uploads\/2026\/03\/Design-sans-titre-20.png\" alt=\"International Tea Symposium Logo\">\n    <\/div>\n\n    <div class=\"its-col-date\">\n      2026 May 19-20-21\n    <\/div>\n\n    <div class=\"its-right-group\">\n      <div class=\"its-logo-unesco-bleu\">\n        <img decoding=\"async\" src=\"http:\/\/www.internationalteasymposium.org\/wp-content\/uploads\/2026\/03\/unesco-scaled.png\" alt=\"UNESCO Community Association\">\n      <\/div>\n      \n      <div class=\"its-logo-unesco-patrimoine\">\n        <img decoding=\"async\" src=\"http:\/\/www.internationalteasymposium.org\/wp-content\/uploads\/2026\/03\/a4e25ca3-722e-44e0-9540-406cc7e82842.jpeg\" alt=\"UNESCO Patrimoine Mondial\">\n      <\/div>\n      \n      <div class=\"its-logo-stjo\">\n        <img decoding=\"async\" src=\"http:\/\/www.internationalteasymposium.org\/wp-content\/uploads\/2026\/03\/LOGO_SAINT_JOSEPH_NOIR_COULEUR_dc0b2dd6c1.png\" alt=\"Ville de Saint-Joseph\">\n      <\/div>\n    <\/div>\n\n  <\/div>\n<\/div>\t\t\t\t<\/div>\n\t\t\t\t\t<\/div>\n\t\t\t\t<\/div>\n\t\t<div class=\"elementor-element elementor-element-d8e0e8d e-flex e-con-boxed e-con e-parent\" data-id=\"d8e0e8d\" data-element_type=\"container\" data-e-type=\"container\" data-settings=\"{&quot;background_background&quot;:&quot;classic&quot;}\">\n\t\t\t\t\t<div class=\"e-con-inner\">\n\t\t\t\t<div class=\"elementor-element elementor-element-bb3f2e4 elementor-widget elementor-widget-heading\" data-id=\"bb3f2e4\" data-element_type=\"widget\" data-e-type=\"widget\" data-widget_type=\"heading.default\">\n\t\t\t\t\t<h2 class=\"elementor-heading-title elementor-size-default\">International Tea Symposium\n<\/h2>\t\t\t\t<\/div>\n\t\t<div class=\"elementor-element elementor-element-382a0aa e-con-full e-flex e-con e-child\" data-id=\"382a0aa\" data-element_type=\"container\" data-e-type=\"container\">\n\t\t\t\t<div class=\"elementor-element elementor-element-7bbf5c0 elementor-widget elementor-widget-heading\" data-id=\"7bbf5c0\" data-element_type=\"widget\" data-e-type=\"widget\" data-widget_type=\"heading.default\">\n\t\t\t\t\t<h2 class=\"elementor-heading-title elementor-size-default\">Living Heritage &amp; Intercultural Dialogue<\/h2>\t\t\t\t<\/div>\n\t\t\t\t<div class=\"elementor-element elementor-element-56af60c elementor-widget elementor-widget-text-editor\" data-id=\"56af60c\" data-element_type=\"widget\" data-e-type=\"widget\" data-widget_type=\"text-editor.default\">\n\t\t\t\t\t\t\t\t\t<p><span style=\"color: #ffffff;\">May 19-20-21, 2026 | Saint-Joseph, Reunion Island<\/span><\/p><p><span style=\"color: #ffffff;\">Guest of Honor: Republic of Korea<\/span><\/p>\t\t\t\t\t\t\t\t<\/div>\n\t\t\t\t<\/div>\n\t\t\t\t\t<\/div>\n\t\t\t\t<\/div>\n\t\t<div class=\"elementor-element elementor-element-6ddceb1 e-flex e-con-boxed e-con e-parent\" data-id=\"6ddceb1\" data-element_type=\"container\" data-e-type=\"container\">\n\t\t\t\t\t<div class=\"e-con-inner\">\n\t\t\t\t\t<\/div>\n\t\t\t\t<\/div>\n\t\t<div class=\"elementor-element elementor-element-da8e529 e-flex e-con-boxed e-con e-parent\" data-id=\"da8e529\" data-element_type=\"container\" data-e-type=\"container\">\n\t\t\t\t\t<div class=\"e-con-inner\">\n\t\t<div class=\"elementor-element elementor-element-0bd6997 e-con-full e-flex e-con e-child\" data-id=\"0bd6997\" data-element_type=\"container\" data-e-type=\"container\">\n\t\t\t\t<div class=\"elementor-element elementor-element-a6a7407 elementor-widget elementor-widget-text-editor\" data-id=\"a6a7407\" data-element_type=\"widget\" data-e-type=\"widget\" data-widget_type=\"text-editor.default\">\n\t\t\t\t\t\t\t\t\t<p><strong>An International Day Rooted in Global Recognition.<\/strong><\/p>\n<p><span style=\"font-weight: 400;\">International Tea Day, celebrated each year on May 21, originated from an initiative within the United Nations aimed at recognizing the fundamental role of tea in rural economies, cultural exchange, food security, and social dynamics worldwide.<\/span><\/p>\n<p><span style=\"font-weight: 400;\">Officially adopted in 2019 by the <\/span><b>United Nations<\/b><span style=\"font-weight: 400;\"> General Assembly, this observance has progressively gained strengthened cultural and heritage significance.<\/span><\/p>\n<p><span style=\"font-weight: 400;\">In this continuity, <\/span>UNESCO<span style=\"font-weight: 400;\"> has engaged in the recognition of tea as a total cultural phenomenon, situated at the crossroads of agricultural knowledge, social practices, artistic expressions, science, and education. Tea is thus understood as a living heritage, carrying memories, gestures, and cultural landscapes across generations.<\/span><\/p>\t\t\t\t\t\t\t\t<\/div>\n\t\t\t\t<\/div>\n\t\t<div class=\"elementor-element elementor-element-70cce38 e-con-full e-flex e-con e-child\" data-id=\"70cce38\" data-element_type=\"container\" data-e-type=\"container\">\n\t\t\t\t<div class=\"elementor-element elementor-element-1e823bd elementor-widget elementor-widget-text-editor\" data-id=\"1e823bd\" data-element_type=\"widget\" data-e-type=\"widget\" data-widget_type=\"text-editor.default\">\n\t\t\t\t\t\t\t\t\t<p>2026 A Founding First Edition Under the Sign of Living Heritage and Intercultural Dialogue<\/p><p>In continuity with the initiatives and momentum generated by International Tea Day, this event stands as a concrete extension of these efforts and, as such, benefits from the engagement and support of UNESCO \u2013 UNESCO Community Association, in alignment with its missions to safeguard intangible cultural heritage, transmit knowledge, and promote intercultural dialogue.<\/p><p><b>The International Tea Symposium is organized under the High Patronage of the Presidency of the French Republic,<\/b> reflecting the importance attributed to cultural, scientific, and educational diplomacy surrounding tea, as well as to the international recognition and enhancement of heritage and knowledge systems.<\/p>\t\t\t\t\t\t\t\t<\/div>\n\t\t\t\t<\/div>\n\t\t\t\t\t<\/div>\n\t\t\t\t<\/div>\n\t\t<div class=\"elementor-element elementor-element-91dd471 e-flex e-con-boxed e-con e-parent\" data-id=\"91dd471\" data-element_type=\"container\" data-e-type=\"container\">\n\t\t\t\t\t<div class=\"e-con-inner\">\n\t\t\t\t<div class=\"elementor-element elementor-element-7d776cd elementor-widget elementor-widget-spacer\" data-id=\"7d776cd\" data-element_type=\"widget\" data-e-type=\"widget\" data-widget_type=\"spacer.default\">\n\t\t\t\t\t\t\t<div class=\"elementor-spacer\">\n\t\t\t<div class=\"elementor-spacer-inner\"><\/div>\n\t\t<\/div>\n\t\t\t\t\t\t<\/div>\n\t\t\t\t<div class=\"elementor-element elementor-element-aa586ab elementor-shape-rounded elementor-grid-0 e-grid-align-center elementor-widget elementor-widget-social-icons\" data-id=\"aa586ab\" data-element_type=\"widget\" data-e-type=\"widget\" data-widget_type=\"social-icons.default\">\n\t\t\t\t\t\t\t<div class=\"elementor-social-icons-wrapper elementor-grid\">\n\t\t\t\t\t\t\t<span class=\"elementor-grid-item\">\n\t\t\t\t\t<a class=\"elementor-icon elementor-social-icon elementor-social-icon-instagram elementor-animation-pulse elementor-repeater-item-23f6ab3\" href=\"https:\/\/www.instagram.com\/internationalteasymposium\/\" target=\"_blank\">\n\t\t\t\t\t\t<span class=\"elementor-screen-only\">Instagram<\/span>\n\t\t\t\t\t\t<svg aria-hidden=\"true\" class=\"e-font-icon-svg e-fab-instagram\" viewBox=\"0 0 448 512\" xmlns=\"http:\/\/www.w3.org\/2000\/svg\"><path d=\"M224.1 141c-63.6 0-114.9 51.3-114.9 114.9s51.3 114.9 114.9 114.9S339 319.5 339 255.9 287.7 141 224.1 141zm0 189.6c-41.1 0-74.7-33.5-74.7-74.7s33.5-74.7 74.7-74.7 74.7 33.5 74.7 74.7-33.6 74.7-74.7 74.7zm146.4-194.3c0 14.9-12 26.8-26.8 26.8-14.9 0-26.8-12-26.8-26.8s12-26.8 26.8-26.8 26.8 12 26.8 26.8zm76.1 27.2c-1.7-35.9-9.9-67.7-36.2-93.9-26.2-26.2-58-34.4-93.9-36.2-37-2.1-147.9-2.1-184.9 0-35.8 1.7-67.6 9.9-93.9 36.1s-34.4 58-36.2 93.9c-2.1 37-2.1 147.9 0 184.9 1.7 35.9 9.9 67.7 36.2 93.9s58 34.4 93.9 36.2c37 2.1 147.9 2.1 184.9 0 35.9-1.7 67.7-9.9 93.9-36.2 26.2-26.2 34.4-58 36.2-93.9 2.1-37 2.1-147.8 0-184.8zM398.8 388c-7.8 19.6-22.9 34.7-42.6 42.6-29.5 11.7-99.5 9-132.1 9s-102.7 2.6-132.1-9c-19.6-7.8-34.7-22.9-42.6-42.6-11.7-29.5-9-99.5-9-132.1s-2.6-102.7 9-132.1c7.8-19.6 22.9-34.7 42.6-42.6 29.5-11.7 99.5-9 132.1-9s102.7-2.6 132.1 9c19.6 7.8 34.7 22.9 42.6 42.6 11.7 29.5 9 99.5 9 132.1s2.7 102.7-9 132.1z\"><\/path><\/svg>\t\t\t\t\t<\/a>\n\t\t\t\t<\/span>\n\t\t\t\t\t<\/div>\n\t\t\t\t\t\t<\/div>\n\t\t\t\t<div class=\"elementor-element elementor-element-d9cacdd elementor-widget elementor-widget-text-editor\" data-id=\"d9cacdd\" data-element_type=\"widget\" data-e-type=\"widget\" data-widget_type=\"text-editor.default\">\n\t\t\t\t\t\t\t\t\t<p style=\"text-align: center;\">Follow us on Instagram<\/p>\t\t\t\t\t\t\t\t<\/div>\n\t\t\t\t\t<\/div>\n\t\t\t\t<\/div>\n\t\t\t\t<\/div>\n\t\t","protected":false},"excerpt":{"rendered":"<p>Sous le haut patronage de Monsieur Emmanuel MACRON Pr\u00e9sident de la R\u00e9publique fran\u00e7aise Under the High Patronage of Mr Emmanuel MACRON President of the French Republic 2026 May 19-20-21 International [&hellip;]<\/p>\n","protected":false},"author":1,"featured_media":0,"parent":0,"menu_order":0,"comment_status":"closed","ping_status":"closed","template":"","meta":{"_price":"","_stock":"","_tribe_ticket_header":"","_tribe_default_ticket_provider":"","_tribe_ticket_capacity":"0","_ticket_start_date":"","_ticket_end_date":"","_tribe_ticket_show_description":"","_tribe_ticket_show_not_going":false,"_tribe_ticket_use_global_stock":"","_tribe_ticket_global_stock_level":"","_global_stock_mode":"","_global_stock_cap":"","_tribe_rsvp_for_event":"","_tribe_ticket_going_count":"","_tribe_ticket_not_going_count":"","_tribe_tickets_list":"[]","_tribe_ticket_has_attendee_info_fields":false,"footnotes":"","_tec_slr_enabled":"","_tec_slr_layout":""},"class_list":["post-76","page","type-page","status-publish","hentry"],"jetpack_sharing_enabled":true,"ticketed":false,"_links":{"self":[{"href":"https:\/\/www.internationalteasymposium.org\/index.php\/wp-json\/wp\/v2\/pages\/76","targetHints":{"allow":["GET"]}}],"collection":[{"href":"https:\/\/www.internationalteasymposium.org\/index.php\/wp-json\/wp\/v2\/pages"}],"about":[{"href":"https:\/\/www.internationalteasymposium.org\/index.php\/wp-json\/wp\/v2\/types\/page"}],"author":[{"embeddable":true,"href":"https:\/\/www.internationalteasymposium.org\/index.php\/wp-json\/wp\/v2\/users\/1"}],"replies":[{"embeddable":true,"href":"https:\/\/www.internationalteasymposium.org\/index.php\/wp-json\/wp\/v2\/comments?post=76"}],"version-history":[{"count":24,"href":"https:\/\/www.internationalteasymposium.org\/index.php\/wp-json\/wp\/v2\/pages\/76\/revisions"}],"predecessor-version":[{"id":440,"href":"https:\/\/www.internationalteasymposium.org\/index.php\/wp-json\/wp\/v2\/pages\/76\/revisions\/440"}],"wp:attachment":[{"href":"https:\/\/www.internationalteasymposium.org\/index.php\/wp-json\/wp\/v2\/media?parent=76"}],"curies":[{"name":"wp","href":"https:\/\/api.w.org\/{rel}","templated":true}]}}